{"id":439,"date":"2024-01-28T13:36:17","date_gmt":"2024-01-28T18:36:17","guid":{"rendered":"https:\/\/gadvalladolid.gob.ec\/valla\/?page_id=439"},"modified":"2024-07-16T21:59:47","modified_gmt":"2024-07-17T02:59:47","slug":"obras","status":"publish","type":"page","link":"https:\/\/gadvalladolid.gob.ec\/?page_id=439","title":{"rendered":"Obras"},"content":{"rendered":"\n<div class=\"wp-block-columns is-layout-flex wp-container-core-columns-is-layout-1 wp-block-columns-is-layout-flex\">\n<div class=\"wp-block-column is-layout-flow wp-block-column-is-layout-flow\">\n<figure class=\"wp-block-image size-large\"><img decoding=\"async\" src=\"https:\/\/gadvalladolid.gob.ec\/wp-content\/uploads\/2024\/noticias\/obra1.jpg\" alt=\"\" class=\"wp-image-631\"\/><\/figure>\n<\/div>\n\n\n\n<div class=\"wp-block-column is-layout-flow wp-block-column-is-layout-flow\">\n<div dir=\"auto\" style=\"text-align: center;\"><strong>90% se encuentra ejecutada la construcci\u00f3n de la cubierta para ferias agr\u00edcolas.<\/strong><\/div>\n<div dir=\"auto\">\u00a0<\/div>\n<div dir=\"auto\" style=\"text-align: justify;\">El Gobierno Aut\u00f3nomo Descentralizado de Valladolid contin\u00faa avanzando en proyectos destinados a impulsar el desarrollo comunitario. Actualmente, estamos llevando a cabo la construcci\u00f3n de una cubierta en la cabecera parroquial en colaboraci\u00f3n con la Secretar\u00eda T\u00e9cnica de la Circunscripci\u00f3n Territorial Especial Amaz\u00f3nica.<\/div>\n<div dir=\"auto\">\u00a0<\/div>\n<div dir=\"auto\" style=\"text-align: justify;\">Este proyecto est\u00e1 destinado a servir como un espacio para diversas actividades de la comunidad, incluyendo la exposici\u00f3n de productos en ferias locales y otras iniciativas.<\/div>\n<\/div>\n<\/div>\n\n\n\n<div class=\"wp-block-columns is-layout-flex wp-container-core-columns-is-layout-2 wp-block-columns-is-layout-flex\">\n<div class=\"wp-block-column is-layout-flow wp-block-column-is-layout-flow\"><\/div>\n\n\n\n<div class=\"wp-block-column is-layout-flow wp-block-column-is-layout-flow\"><\/div>\n<\/div>\n\n\n\n<div class=\"wp-block-columns is-layout-flex wp-container-core-columns-is-layout-3 wp-block-columns-is-layout-flex\">\n<div class=\"wp-block-column is-layout-flow wp-block-column-is-layout-flow\">\n<p style=\"text-align: center;\"><strong>Apertura de la Avenida Las Palmas.<\/strong><\/p>\n<p>&nbsp;<\/p>\n<p style=\"text-align: justify;\">Contin\u00faan los trabajos de apertura de la Avenida Las Palmas en Valladolid. Adem\u00e1s, se ha llevado a cabo un di\u00e1logo con los propietarios de los terrenos ubicados en el \u00e1rea donde se est\u00e1n realizando las labores<\/p>\n<\/div>\n\n\n\n<div class=\"wp-block-column is-layout-flow wp-block-column-is-layout-flow\">\n<figure class=\"wp-block-image size-large\"><img decoding=\"async\" src=\"https:\/\/gadvalladolid.gob.ec\/wp-content\/uploads\/2023\/08\/trabajando\/noticias3.jpg\" alt=\"\"\/><\/figure>\n<\/div>\n<\/div>\n\n\n\n<div class=\"wp-block-columns is-layout-flex wp-container-core-columns-is-layout-4 wp-block-columns-is-layout-flex\">\n<div class=\"wp-block-column is-layout-flow wp-block-column-is-layout-flow\"><\/div>\n\n\n\n<div class=\"wp-block-column is-layout-flow wp-block-column-is-layout-flow\"><\/div>\n<\/div>\n\n\n\n<div class=\"wp-block-columns is-layout-flex wp-container-core-columns-is-layout-5 wp-block-columns-is-layout-flex\">\n<div class=\"wp-block-column is-layout-flow wp-block-column-is-layout-flow\">\n<figure class=\"wp-block-image size-large\"><img decoding=\"async\" src=\"https:\/\/gadvalladolid.gob.ec\/wp-content\/uploads\/2023\/08\/trabajando\/noticias4.jpg\" alt=\"\"\/><\/figure>\n<\/div>\n\n\n\n<div class=\"wp-block-column is-layout-flow wp-block-column-is-layout-flow\">\n<p>&nbsp;<\/p>\n<p style=\"text-align: center;\"><strong>Mantenimiento al sendero ecol\u00f3gico<\/strong><\/p>\n<p>&nbsp;<\/p>\n<p style=\"text-align: justify;\">El GAD sigue trabajando para fortalecer el turismo en la cabecera parroquial y mejorar la imagen de la misma. Por ello, se realiz\u00f3 el mantenimiento del sendero ubicado en la ribera del r\u00edo Valladolid.<\/p>\n<\/div>\n<\/div>\n\n\n\n<div class=\"wp-block-columns is-layout-flex wp-container-core-columns-is-layout-6 wp-block-columns-is-layout-flex\">\n<div class=\"wp-block-column is-layout-flow wp-block-column-is-layout-flow\"><\/div>\n\n\n\n<div class=\"wp-block-column is-layout-flow wp-block-column-is-layout-flow\"><\/div>\n<\/div>\n\n\n\n<div class=\"wp-block-columns is-layout-flex wp-container-core-columns-is-layout-7 wp-block-columns-is-layout-flex\">\n<div class=\"wp-block-column is-layout-flow wp-block-column-is-layout-flow\">\n<p>&nbsp;<\/p>\n<p style=\"text-align: center;\"><strong>Fortaleciendo la caficultura\u00a0<\/strong><\/p>\n<p style=\"text-align: justify;\">Gracias al donativo de semillas de caf\u00e9 por parte del concejal del cant\u00f3n Palanda, Jos\u00e9 Gaona, actualmente se est\u00e1 llevando a cabo un proyecto para fortalecer la caficultura. Este proyecto implica la producci\u00f3n de pl\u00e1ntulas en los viveros administrados por el GAD Parroquial de Valladolid.<\/p>\n<\/div>\n\n\n\n<div class=\"wp-block-column is-layout-flow wp-block-column-is-layout-flow\">\n<figure class=\"wp-block-image size-large\"><img decoding=\"async\" src=\"https:\/\/gadvalladolid.gob.ec\/wp-content\/uploads\/2023\/08\/trabajando\/cafecultura.jpg?65b6ff8b\" alt=\"\"\/><\/figure>\n<\/div>\n<\/div>\n","protected":false},"excerpt":{"rendered":"<p>90% se encuentra ejecutada la construcci\u00f3n de la cubierta para ferias agr\u00edcolas. \u00a0 El Gobierno Aut\u00f3nomo Descentralizado de Valladolid contin\u00faa avanzando en proyectos destinados a impulsar el desarrollo comunitario. Actualmente, estamos llevando a cabo la construcci\u00f3n de una cubierta en la cabecera parroquial en colaboraci\u00f3n con la Secretar\u00eda T\u00e9cnica de la Circunscripci\u00f3n Territorial Especial Amaz\u00f3nica. [&hellip;]<\/p>\n","protected":false},"author":1,"featured_media":0,"parent":0,"menu_order":0,"comment_status":"closed","ping_status":"closed","template":"","meta":{"ub_ctt_via":"","footnotes":""},"class_list":["post-439","page","type-page","status-publish","hentry"],"featured_image_src":null,"_links":{"self":[{"href":"https:\/\/gadvalladolid.gob.ec\/index.php?rest_route=\/wp\/v2\/pages\/439","targetHints":{"allow":["GET"]}}],"collection":[{"href":"https:\/\/gadvalladolid.gob.ec\/index.php?rest_route=\/wp\/v2\/pages"}],"about":[{"href":"https:\/\/gadvalladolid.gob.ec\/index.php?rest_route=\/wp\/v2\/types\/page"}],"author":[{"embeddable":true,"href":"https:\/\/gadvalladolid.gob.ec\/index.php?rest_route=\/wp\/v2\/users\/1"}],"replies":[{"embeddable":true,"href":"https:\/\/gadvalladolid.gob.ec\/index.php?rest_route=%2Fwp%2Fv2%2Fcomments&post=439"}],"version-history":[{"count":8,"href":"https:\/\/gadvalladolid.gob.ec\/index.php?rest_route=\/wp\/v2\/pages\/439\/revisions"}],"predecessor-version":[{"id":1696,"href":"https:\/\/gadvalladolid.gob.ec\/index.php?rest_route=\/wp\/v2\/pages\/439\/revisions\/1696"}],"wp:attachment":[{"href":"https:\/\/gadvalladolid.gob.ec\/index.php?rest_route=%2Fwp%2Fv2%2Fmedia&parent=439"}],"curies":[{"name":"wp","href":"https:\/\/api.w.org\/{rel}","templated":true}]}}