{"id":39,"date":"2015-10-16T18:18:38","date_gmt":"2015-10-16T18:18:38","guid":{"rendered":"http:\/\/newkind.me\/rocket\/prod\/wp\/notio\/?page_id=36"},"modified":"2024-06-21T11:56:57","modified_gmt":"2024-06-21T16:56:57","slug":"portfolio","status":"publish","type":"page","link":"https:\/\/gadvalladolid.gob.ec\/?page_id=39","title":{"rendered":"Autoridades"},"content":{"rendered":"<p><em>C\u00f3mo presidenta del Gobierno Aut\u00f3nomo Descentralizado Parroquial Rural de Valladolid, extiendo mi saludo fraterno de gratitud y respeto a mi pueblo Vallesoletano.<\/em><\/p>\n<p><em>Nuestra gesti\u00f3n se basa en la transparencia y la \u00e9tica en el manejo de los recursos econ\u00f3micos, impulsando una producci\u00f3n agropecuaria responsable y sostenible que respeta nuestro entorno. La innovaci\u00f3n es clave en nuestro camino hacia un desarrollo sostenible, y la protecci\u00f3n de nuestros recursos naturales es una prioridad compartida.<\/em><\/p>\n<p><em>Como l\u00edder comprometida con mi comunidad, mi objetivo es servir a la sociedad con dedicaci\u00f3n y transparencia, buscando soluciones creativas para nuestros desaf\u00edos. Sigamos trabajando juntos con pasi\u00f3n y determinaci\u00f3n, porque estoy segura de que, unidos, construiremos un futuro pr\u00f3spero y sostenible para Valladolid.<\/em><em>\u00a0 \u00a0 <\/em><\/p>\n<p><em>\u00a0 \u00a0 \u00a0 \u00a0 \u00a0 \u00a0 \u00a0 \u00a0 \u00a0 \u00a0 \u00a0 \u00a0<\/em><\/p>\n<p><em>Ing. Ana Luc\u00eda Rodr\u00edguez Qui\u00f1\u00f3nez.\u00a0\u00a0\u00a0\u00a0\u00a0\u00a0\u00a0\u00a0\u00a0\u00a0\u00a0\u00a0\u00a0\u00a0\u00a0\u00a0\u00a0\u00a0\u00a0\u00a0\u00a0\u00a0\u00a0\u00a0\u00a0\u00a0\u00a0\u00a0\u00a0\u00a0\u00a0\u00a0\u00a0\u00a0\u00a0\u00a0\u00a0\u00a0 <\/em><\/p>\n<p><strong><em>PRESIDENTA DEL GAD PARROQUIAL RURAL DE VALLADOLID<\/em><\/strong><\/p>\n","protected":false},"excerpt":{"rendered":"<p>C\u00f3mo presidenta del Gobierno Aut\u00f3nomo Descentralizado Parroquial Rural de Valladolid, extiendo mi saludo fraterno de gratitud y respeto a mi pueblo Vallesoletano. Nuestra gesti\u00f3n se basa en la transparencia y la \u00e9tica en el manejo de los recursos econ\u00f3micos, impulsando una producci\u00f3n agropecuaria responsable y sostenible que respeta nuestro entorno. La innovaci\u00f3n es clave en [&hellip;]<\/p>\n","protected":false},"author":0,"featured_media":0,"parent":0,"menu_order":0,"comment_status":"closed","ping_status":"closed","template":"","meta":{"ub_ctt_via":"","footnotes":""},"class_list":["post-39","page","type-page","status-publish","hentry"],"featured_image_src":null,"_links":{"self":[{"href":"https:\/\/gadvalladolid.gob.ec\/index.php?rest_route=\/wp\/v2\/pages\/39","targetHints":{"allow":["GET"]}}],"collection":[{"href":"https:\/\/gadvalladolid.gob.ec\/index.php?rest_route=\/wp\/v2\/pages"}],"about":[{"href":"https:\/\/gadvalladolid.gob.ec\/index.php?rest_route=\/wp\/v2\/types\/page"}],"replies":[{"embeddable":true,"href":"https:\/\/gadvalladolid.gob.ec\/index.php?rest_route=%2Fwp%2Fv2%2Fcomments&post=39"}],"version-history":[{"count":2,"href":"https:\/\/gadvalladolid.gob.ec\/index.php?rest_route=\/wp\/v2\/pages\/39\/revisions"}],"predecessor-version":[{"id":403,"href":"https:\/\/gadvalladolid.gob.ec\/index.php?rest_route=\/wp\/v2\/pages\/39\/revisions\/403"}],"wp:attachment":[{"href":"https:\/\/gadvalladolid.gob.ec\/index.php?rest_route=%2Fwp%2Fv2%2Fmedia&parent=39"}],"curies":[{"name":"wp","href":"https:\/\/api.w.org\/{rel}","templated":true}]}}