{"id":34,"date":"2023-09-05T21:58:19","date_gmt":"2023-09-06T02:58:19","guid":{"rendered":"http:\/\/newkind.me\/rocket\/prod\/wp\/notio\/?page_id=26"},"modified":"2024-01-30T15:36:42","modified_gmt":"2024-01-30T20:36:42","slug":"overview","status":"publish","type":"page","link":"https:\/\/gadvalladolid.gob.ec\/?page_id=34","title":{"rendered":"GAD Parroquial"},"content":{"rendered":"\n<hr class=\"wp-block-separator has-css-opacity is-style-default\"\/>\n\n\n\n<div class=\"wp-block-media-text has-media-on-the-right is-stacked-on-mobile\"><div class=\"wp-block-media-text__content\">\n<h3 class=\"wp-block-heading has-text-align-center\"><strong>Misi\u00f3n<\/strong><\/h3>\n\n\n\n<p class=\"has-text-align-center\"><em>Impulsar el desarrollo sostenible de nuestra parroquia, promoviendo pr\u00e1cticas agropecuarias responsables, sustentables y amigables con el medio ambiente. Innovamos junto a la comunidad para mejorar su calidad de vida y fortalecer una econom\u00eda popular y solidaria, creando un futuro pr\u00f3spero que sirva de modelo inspirador para futuras generaciones.<\/em><\/p>\n<\/div><figure class=\"wp-block-media-text__media\"><img loading=\"lazy\" decoding=\"async\" width=\"1024\" height=\"607\" src=\"https:\/\/gadvalladolid.gob.ec\/wp-content\/uploads\/2024\/01\/valladolid3-1024x607.png\" alt=\"\" class=\"wp-image-572 size-full\" srcset=\"https:\/\/gadvalladolid.gob.ec\/wp-content\/uploads\/2024\/01\/valladolid3-1024x607.png 1024w, https:\/\/gadvalladolid.gob.ec\/wp-content\/uploads\/2024\/01\/valladolid3-300x178.png 300w, https:\/\/gadvalladolid.gob.ec\/wp-content\/uploads\/2024\/01\/valladolid3-768x455.png 768w, https:\/\/gadvalladolid.gob.ec\/wp-content\/uploads\/2024\/01\/valladolid3.png 1134w\" sizes=\"auto, (max-width: 1024px) 100vw, 1024px\" \/><\/figure><\/div>\n\n\n\n<hr class=\"wp-block-separator has-alpha-channel-opacity\"\/>\n\n\n\n<div class=\"wp-block-media-text is-stacked-on-mobile\"><figure class=\"wp-block-media-text__media\"><img loading=\"lazy\" decoding=\"async\" width=\"1134\" height=\"673\" src=\"https:\/\/gadvalladolid.gob.ec\/wp-content\/uploads\/2024\/01\/turismo2.png\" alt=\"\" class=\"wp-image-568 size-full\" srcset=\"https:\/\/gadvalladolid.gob.ec\/wp-content\/uploads\/2024\/01\/turismo2.png 1134w, https:\/\/gadvalladolid.gob.ec\/wp-content\/uploads\/2024\/01\/turismo2-300x178.png 300w, https:\/\/gadvalladolid.gob.ec\/wp-content\/uploads\/2024\/01\/turismo2-1024x608.png 1024w, https:\/\/gadvalladolid.gob.ec\/wp-content\/uploads\/2024\/01\/turismo2-768x456.png 768w\" sizes=\"auto, (max-width: 1134px) 100vw, 1134px\" \/><\/figure><div class=\"wp-block-media-text__content\">\n<h3 class=\"wp-block-heading has-text-align-center\"><strong>Visi\u00f3n.<\/strong><\/h3>\n\n\n\n<p class=\"has-text-align-center\"><em>Aspiramos ser l\u00edderes en una producci\u00f3n agropecuaria sostenible e innovadora, preservando el medio ambiente y generando prosperidad en nuestra parroquia sin da\u00f1ar nuestros ecosistemas. Queremos ser reconocidos como un modelo de innovaci\u00f3n y convivencia armoniosa, brindando a la comunidad una alta calidad de vida en un entorno limpio y saludable<\/em>.<\/p>\n<\/div><\/div>\n","protected":false},"excerpt":{"rendered":"<p>Misi\u00f3n Impulsar el desarrollo sostenible de nuestra parroquia, promoviendo pr\u00e1cticas agropecuarias responsables, sustentables y amigables con el medio ambiente. Innovamos junto a la comunidad para mejorar su calidad de vida y fortalecer una econom\u00eda popular y solidaria, creando un futuro pr\u00f3spero que sirva de modelo inspirador para futuras generaciones. Visi\u00f3n. Aspiramos ser l\u00edderes en una [&hellip;]<\/p>\n","protected":false},"author":0,"featured_media":0,"parent":0,"menu_order":0,"comment_status":"closed","ping_status":"closed","template":"","meta":{"ub_ctt_via":"","footnotes":""},"class_list":["post-34","page","type-page","status-publish","hentry"],"featured_image_src":null,"_links":{"self":[{"href":"https:\/\/gadvalladolid.gob.ec\/index.php?rest_route=\/wp\/v2\/pages\/34","targetHints":{"allow":["GET"]}}],"collection":[{"href":"https:\/\/gadvalladolid.gob.ec\/index.php?rest_route=\/wp\/v2\/pages"}],"about":[{"href":"https:\/\/gadvalladolid.gob.ec\/index.php?rest_route=\/wp\/v2\/types\/page"}],"replies":[{"embeddable":true,"href":"https:\/\/gadvalladolid.gob.ec\/index.php?rest_route=%2Fwp%2Fv2%2Fcomments&post=34"}],"version-history":[{"count":49,"href":"https:\/\/gadvalladolid.gob.ec\/index.php?rest_route=\/wp\/v2\/pages\/34\/revisions"}],"predecessor-version":[{"id":574,"href":"https:\/\/gadvalladolid.gob.ec\/index.php?rest_route=\/wp\/v2\/pages\/34\/revisions\/574"}],"wp:attachment":[{"href":"https:\/\/gadvalladolid.gob.ec\/index.php?rest_route=%2Fwp%2Fv2%2Fmedia&parent=34"}],"curies":[{"name":"wp","href":"https:\/\/api.w.org\/{rel}","templated":true}]}}