{"id":319,"date":"2023-10-09T17:21:16","date_gmt":"2023-10-09T22:21:16","guid":{"rendered":"http:\/\/186.47.123.59\/valla\/?page_id=319"},"modified":"2024-06-24T08:29:44","modified_gmt":"2024-06-24T13:29:44","slug":"historia","status":"publish","type":"page","link":"https:\/\/gadvalladolid.gob.ec\/?page_id=319","title":{"rendered":"Historia"},"content":{"rendered":"\n<p><strong>Nuestra Historia<\/strong><\/p>\n\n\n<p style=\"text-align: justify;\">Su nombre es espa\u00f1ol y es el antiguo asentamiento espa\u00f1ol, la conforman a la comunidad 144 familias, aglutina una poblaci\u00f3n total de 521 personas, con un promedio de 5 personas por familia, corresponde al 35% de la poblaci\u00f3n total de la Parroquia de Valladolid.<\/p>\n<p style=\"text-align: justify;\">\u00a0<\/p>\n\n<h4 class=\"wp-block-heading\" style=\"text-align: justify;\"><strong>Etapas de asentamientos poblacionales<\/strong><\/h4>\n<p style=\"text-align: justify;\">\u00a0<\/p>\n\n<p style=\"text-align: justify;\"><strong>1\u00ba Etapa:<\/strong>\u00a0Cultura Mayo Chinchipe y tribus salvajes de los Bracamoros, Pacamoros, Tangoracas, Tepalas, Vergeles, Palandas y Nasilanguis: 3.000 y 4.000 a\u00f1os A.C. Testimonial existente de los restos arqueol\u00f3gicos de la Florida y Santa Ana del a\u00f1o 2001.<\/p>\n<p style=\"text-align: justify;\">\u00a0<\/p>\n\n<p style=\"text-align: justify;\"><strong>2\u00ba Etapa:\u00a0<\/strong>Conquista espa\u00f1ola y primera fundaci\u00f3n de Valladolid a\u00f1o 1557; luego, sublevaci\u00f3n y destrucci\u00f3n de Valladolid (1576); y 2da Refundaci\u00f3n espa\u00f1ola y conformaci\u00f3n del cabildo de Valladolid, como centro de operaciones y ciudad fortificada.\u00a0 Testimonial tomado de la revista Valladolid historia y desarrollo a\u00f1o 2006.<\/p>\n<p style=\"text-align: justify;\">\u00a0<\/p>\n\n<p style=\"text-align: justify;\"><strong>3\u00ba Etapa:<\/strong>\u00a0Primera migraci\u00f3n de colonos, originarios de Malacatos Loja a\u00f1os 1932; primeros colonos: Familias Jara-Carri\u00f3n 1935, Familias de Domingo Ram\u00f3n, Bernardo Capa y Daniel Barrigas provenientes del Azuay y Loja; 1955 llegan m\u00e1s pobladores: Familia: Castillo, Quishpe, Armijos y reingreso\u00a0 de familias: Carri\u00f3n Carri\u00f3n y\u00a0 Carri\u00f3n Jara; 1958 \u2013 1966 Familias de: Victoriano Jim\u00e9nez; Francisco Juelas; Juan Capa Luzuriaga, entre otros.<\/p>\n<p style=\"text-align: justify;\">\u00a0<\/p>\n\n<p style=\"text-align: justify;\"><strong>1958:\u00a0<\/strong>se cre\u00f3 la primera escuela en Nanchima; el primer profesor fue el Sr. Jorge Carvajal; luego\u00a0 denominada\u00a0 \u201cFrancisco de Orellana\u201d en Valladolid.<\/p>\n<p style=\"text-align: justify;\">\u00a0<\/p>\n\n<p style=\"text-align: justify;\"><strong>1958:\u00a0<\/strong>se consigue las escrituras del terreno para la \u201crefundaci\u00f3n de Valladolid\u201d con el apoyo del legislador de Loja Sr. Carlos Larreategui.<\/p>\n<p style=\"text-align: justify;\">\u00a0<\/p>\n\n<p style=\"text-align: justify;\"><strong>1962:\u00a0<\/strong>Ingreso primer misionero: Padre Norberto Antonio Aguilar Ruilova y construcci\u00f3n de la capilla.<\/p>\n<p style=\"text-align: justify;\">\u00a0<\/p>\n\n<p style=\"text-align: justify;\"><strong>1962:<\/strong>\u00a0se crea el primer Subcentro de Salud.<\/p>\n<p style=\"text-align: justify;\">\u00a0<\/p>\n\n<p style=\"text-align: justify;\"><strong>1963:<\/strong>\u00a0se crea la tenencia pol\u00edtica: 1er teniente pol\u00edtico\u00a0Sr. Amable Pacheco.<\/p>\n<p style=\"text-align: justify;\">\u00a0<\/p>\n\n<p style=\"text-align: justify;\"><strong>1966:\u00a0<\/strong>primer Registro Civil: Sr. V\u00edctor Herrera Luna; a partir de 1979 Sr. Arturo Ram\u00f3n contin\u00faa como empleado de servicio Civil y carrera Administrativa.<\/p>\n<p style=\"text-align: justify;\">\u00a0<\/p>\n\n<p style=\"text-align: justify;\"><strong>1975:\u00a0<\/strong>creaci\u00f3n del Colegio T\u00e9cnico Agropecuario \u201cCiudad de Loyola\u201d.<\/p>\n<p style=\"text-align: justify;\">\u00a0<\/p>\n\n<p style=\"text-align: justify;\"><strong>1984:<\/strong>\u00a0llegada de la v\u00eda: Yangana- Valladolid \u2013 uni\u00f3n con la v\u00eda desde Zumba- Palanda.<\/p>\n<p style=\"text-align: justify;\">\u00a0<\/p>\n\n<h4 class=\"wp-block-heading\" style=\"text-align: justify;\"><strong>Creaci\u00f3n pol\u00edtica de la parroquia<\/strong><\/h4>\n<p style=\"text-align: justify;\">\u00a0<\/p>\n\n<p style=\"text-align: justify;\">La parroquia de Valladolid es creada mediante decreto ejecutivo No 25 del 11 de Febrero del a\u00f1o 1963 R.O. of. N\u00ba 379; cumpliendo hasta la actualidad con 48 a\u00f1os de vida pol\u00edtica.<\/p>","protected":false},"excerpt":{"rendered":"<p>Nuestra Historia Su nombre es espa\u00f1ol y es el antiguo asentamiento espa\u00f1ol, la conforman a la comunidad 144 familias, aglutina una poblaci\u00f3n total de 521 personas, con un promedio de 5 personas por familia, corresponde al 35% de la poblaci\u00f3n total de la Parroquia de Valladolid. \u00a0 Etapas de asentamientos poblacionales \u00a0 1\u00ba Etapa:\u00a0Cultura Mayo [&hellip;]<\/p>\n","protected":false},"author":1,"featured_media":0,"parent":0,"menu_order":0,"comment_status":"closed","ping_status":"closed","template":"","meta":{"ub_ctt_via":"","footnotes":""},"class_list":["post-319","page","type-page","status-publish","hentry"],"featured_image_src":null,"_links":{"self":[{"href":"https:\/\/gadvalladolid.gob.ec\/index.php?rest_route=\/wp\/v2\/pages\/319","targetHints":{"allow":["GET"]}}],"collection":[{"href":"https:\/\/gadvalladolid.gob.ec\/index.php?rest_route=\/wp\/v2\/pages"}],"about":[{"href":"https:\/\/gadvalladolid.gob.ec\/index.php?rest_route=\/wp\/v2\/types\/page"}],"author":[{"embeddable":true,"href":"https:\/\/gadvalladolid.gob.ec\/index.php?rest_route=\/wp\/v2\/users\/1"}],"replies":[{"embeddable":true,"href":"https:\/\/gadvalladolid.gob.ec\/index.php?rest_route=%2Fwp%2Fv2%2Fcomments&post=319"}],"version-history":[{"count":3,"href":"https:\/\/gadvalladolid.gob.ec\/index.php?rest_route=\/wp\/v2\/pages\/319\/revisions"}],"predecessor-version":[{"id":1539,"href":"https:\/\/gadvalladolid.gob.ec\/index.php?rest_route=\/wp\/v2\/pages\/319\/revisions\/1539"}],"wp:attachment":[{"href":"https:\/\/gadvalladolid.gob.ec\/index.php?rest_route=%2Fwp%2Fv2%2Fmedia&parent=319"}],"curies":[{"name":"wp","href":"https:\/\/api.w.org\/{rel}","templated":true}]}}