{"id":252,"date":"2023-09-06T21:27:39","date_gmt":"2023-09-07T02:27:39","guid":{"rendered":"http:\/\/localhost\/valla\/?page_id=252"},"modified":"2024-06-25T10:33:13","modified_gmt":"2024-06-25T15:33:13","slug":"ubicacion-2","status":"publish","type":"page","link":"https:\/\/gadvalladolid.gob.ec\/?page_id=252","title":{"rendered":"Ubicacion"},"content":{"rendered":"<p style=\"text-align: justify;\">Valladolid es una parroquia rural del cant\u00f3n Palanda, en la provincia de Zamora Chinchipe, Ecuador. Se encuentra a 1700 m, al margen del r\u00edo del mismo nombre. Esta parroquia se asienta sobre las ruinas de la antigua ciudad colonial espa\u00f1ola de Valladolid, fundada en 1557, que luego se convirti\u00f3 en la capital de la gobernaci\u00f3n de Yaguarzongo. La antigua Valladolid sufri\u00f3 en 1576 una sublevaci\u00f3n que llev\u00f3 a la destrucci\u00f3n de la ciudad. En 1932 empez\u00f3 una migraci\u00f3n de nuevos colonizadores hasta las ruinas e iniciaron la repoblaci\u00f3n; siendo elevada a la categor\u00eda de parroquia rural de Palanda en 1963. <\/p>\n\n\n<iframe src=\"https:\/\/www.google.com\/maps\/embed?pb=!1m18!1m12!1m3!1d7954.468041082564!2d-79.13809424020623!3d-4.551869631614157!2m3!1f0!2f0!3f0!3m2!1i1024!2i768!4f13.1!3m3!1m2!1s0x91cac43b75a27e63%3A0xbe0fd1a3fbc61973!2sValladolid!5e0!3m2!1ses-419!2sec!4v1697330652813!5m2!1ses-419!2sec\" width=\"750\" height=\"450\" style=\"border:0;\" allowfullscreen=\"\" loading=\"lazy\" referrerpolicy=\"no-referrer-when-downgrade\"><\/iframe>\n","protected":false},"excerpt":{"rendered":"<p>Valladolid es una parroquia rural del cant\u00f3n Palanda, en la provincia de Zamora Chinchipe, Ecuador. Se encuentra a 1700 m, al margen del r\u00edo del mismo nombre. Esta parroquia se asienta sobre las ruinas de la antigua ciudad colonial espa\u00f1ola de Valladolid, fundada en 1557, que luego se convirti\u00f3 en la capital de la gobernaci\u00f3n [&hellip;]<\/p>\n","protected":false},"author":1,"featured_media":0,"parent":0,"menu_order":0,"comment_status":"closed","ping_status":"closed","template":"","meta":{"ub_ctt_via":"","footnotes":""},"class_list":["post-252","page","type-page","status-publish","hentry"],"featured_image_src":null,"_links":{"self":[{"href":"https:\/\/gadvalladolid.gob.ec\/index.php?rest_route=\/wp\/v2\/pages\/252","targetHints":{"allow":["GET"]}}],"collection":[{"href":"https:\/\/gadvalladolid.gob.ec\/index.php?rest_route=\/wp\/v2\/pages"}],"about":[{"href":"https:\/\/gadvalladolid.gob.ec\/index.php?rest_route=\/wp\/v2\/types\/page"}],"author":[{"embeddable":true,"href":"https:\/\/gadvalladolid.gob.ec\/index.php?rest_route=\/wp\/v2\/users\/1"}],"replies":[{"embeddable":true,"href":"https:\/\/gadvalladolid.gob.ec\/index.php?rest_route=%2Fwp%2Fv2%2Fcomments&post=252"}],"version-history":[{"count":10,"href":"https:\/\/gadvalladolid.gob.ec\/index.php?rest_route=\/wp\/v2\/pages\/252\/revisions"}],"predecessor-version":[{"id":1543,"href":"https:\/\/gadvalladolid.gob.ec\/index.php?rest_route=\/wp\/v2\/pages\/252\/revisions\/1543"}],"wp:attachment":[{"href":"https:\/\/gadvalladolid.gob.ec\/index.php?rest_route=%2Fwp%2Fv2%2Fmedia&parent=252"}],"curies":[{"name":"wp","href":"https:\/\/api.w.org\/{rel}","templated":true}]}}