{"id":125,"date":"2016-02-23T14:18:04","date_gmt":"2016-02-23T14:18:04","guid":{"rendered":"http:\/\/newkind.me\/rocket\/prod\/wp\/notio\/?page_id=125"},"modified":"2024-01-30T18:14:31","modified_gmt":"2024-01-30T23:14:31","slug":"two-sidebars-right","status":"publish","type":"page","link":"https:\/\/gadvalladolid.gob.ec\/?page_id=125","title":{"rendered":"Noticias"},"content":{"rendered":"\n<div class=\"wp-block-columns is-layout-flex wp-container-core-columns-is-layout-1 wp-block-columns-is-layout-flex\">\n<div class=\"wp-block-column is-layout-flow wp-block-column-is-layout-flow\"><\/div>\n\n\n\n<div class=\"wp-block-column is-layout-flow wp-block-column-is-layout-flow\"><\/div>\n<\/div>\n\n\n\n<div class=\"wp-block-columns is-layout-flex wp-container-core-columns-is-layout-2 wp-block-columns-is-layout-flex\">\n<div class=\"wp-block-column is-layout-flow wp-block-column-is-layout-flow\"><div class=\"wp-block-image\">\n<figure class=\"aligncenter size-large is-resized\"><img decoding=\"async\" src=\"https:\/\/gadvalladolid.gob.ec\/wp-content\/uploads\/2024\/01\/image-891x1024.jpeg\" alt=\"\" style=\"width:332px;height:auto\"\/><\/figure><\/div>\n\n\n<p><\/p>\n<\/div>\n\n\n\n<div class=\"wp-block-column is-layout-flow wp-block-column-is-layout-flow\">\n<p style=\"text-align: center;\"><strong>COMUNICADO<\/strong><\/p>\n<p style=\"text-align: justify;\">Ante la crisis y emergencia de seguridad que afecta a nuestro Pa\u00eds, es de suma importancia trabajar de manera coordinada y eficiente para establecer la tranquilidad de nuestras comunidades.<\/p>\n<p style=\"text-align: justify;\">Nos comprometemos a colaborar en todo lo que est\u00e9 a nuestro alcance para contribuir a la seguridad y bienestar de la ciudadan\u00eda.<\/p>\n<p style=\"text-align: justify;\">Ante ello, desde la entidad parroquial se tomado las siguientes medidas:<\/p>\n<ol>\n<li style=\"text-align: justify;\">Participar y coordinar con el COE Cantonal.<\/li>\n<li style=\"text-align: justify;\">Suspender reuniones de trabajo en territorio.<\/li>\n<li style=\"text-align: justify;\">Trabajo presencial a puerta cerrada, para el personal administrativo<\/li>\n<\/ol>\n\n\n\n<p><\/p>\n<\/div>\n<\/div>\n\n\n\n<div class=\"wp-block-columns is-layout-flex wp-container-core-columns-is-layout-3 wp-block-columns-is-layout-flex\">\n<div class=\"wp-block-column is-layout-flow wp-block-column-is-layout-flow\"><\/div>\n\n\n\n<div class=\"wp-block-column is-layout-flow wp-block-column-is-layout-flow\"><\/div>\n<\/div>\n\n\n\n<div class=\"wp-block-group\"><div class=\"wp-block-group__inner-container is-layout-constrained wp-block-group-is-layout-constrained\">\n<div class=\"wp-block-columns is-layout-flex wp-container-core-columns-is-layout-4 wp-block-columns-is-layout-flex\">\n<div class=\"wp-block-column is-layout-flow wp-block-column-is-layout-flow\">\n<p><\/p>\n\n\n\n<p style=\"text-align: center;\"><strong>Entrega de kits de alimentos<\/strong><\/p>\n<p>&nbsp;<\/p>\n<p style=\"text-align: justify;\">Con el prop\u00f3sito de atender a esta parte espec\u00edfica de la poblaci\u00f3n, el GAD Cantonal de Palanda llev\u00f3 a cabo la entrega de kits de alimentos a los residentes de atenci\u00f3n prioritaria de nuestra parroquia. Nos unimos a este proyecto, ya que consideramos que es de suma importancia para contribuir al bienestar de nuestra ciudadan\u00eda.<\/p>\n<\/div>\n\n\n\n<div class=\"wp-block-column is-layout-flow wp-block-column-is-layout-flow\"><div class=\"wp-block-image\">\n<figure class=\"aligncenter size-large is-resized\"><img decoding=\"async\" src=\"https:\/\/gadvalladolid.gob.ec\/wp-content\/uploads\/2024\/comunicados\/comunicado2.jpg?65b5e4d1\" alt=\"\" style=\"width:326px;height:auto\"\/><\/figure><\/div>\n\n\n<p><\/p>\n<\/div>\n<\/div>\n<\/div><\/div>\n\n\n\n<div class=\"wp-block-columns is-layout-flex wp-container-core-columns-is-layout-5 wp-block-columns-is-layout-flex\">\n<div class=\"wp-block-column is-layout-flow wp-block-column-is-layout-flow\">\n<p><\/p>\n<\/div>\n\n\n\n<div class=\"wp-block-column is-layout-flow wp-block-column-is-layout-flow\">\n<p><\/p>\n\n\n\n<p><\/p>\n<\/div>\n<\/div>\n\n\n\n<div class=\"wp-block-columns is-layout-flex wp-container-core-columns-is-layout-6 wp-block-columns-is-layout-flex\">\n<div class=\"wp-block-column is-layout-flow wp-block-column-is-layout-flow\"><div class=\"wp-block-image\">\n<figure class=\"aligncenter size-large is-resized\"><img decoding=\"async\" src=\"https:\/\/gadvalladolid.gob.ec\/wp-content\/uploads\/2024\/comunicados\/comunicado3.jpg?65b5e782\" alt=\"\" style=\"width:363px;height:auto\"\/><\/figure><\/div><\/div>\n\n\n\n<div class=\"wp-block-column is-layout-flow wp-block-column-is-layout-flow\">\n<p style=\"text-align: center;\"><strong>Entrega de abonos org\u00e1nicos y semillas de hortalizas.<\/strong><\/p>\n<div dir=\"auto\" style=\"text-align: justify;\">Con el prop\u00f3sito de promover una agricultura m\u00e1s diversificada y productiva para mejorar las econom\u00edas de los agricultores en nuestra parroquia, el GAD Parroquial Valladolid entreg\u00f3 la tarde de este viernes 22 de diciembre del presente a\u00f1o abonos org\u00e1nicos y semillas de hortalizas a lo productores.<\/div>\n<div dir=\"auto\" style=\"text-align: justify;\">La entrega del abono org\u00e1nico se llev\u00f3 a cabo gracias a la gesti\u00f3n realizada por la instituci\u00f3n ante Agropzachin, mientras que la distribuci\u00f3n de las semillas fue realizada por el GAD Parroquial.<\/div>\n<div dir=\"auto\" style=\"text-align: justify;\">Esta acci\u00f3n busca mejorar e impulsar la producci\u00f3n y contribuir de manera significativa al desarrollo del sector agr\u00edcola.<\/div>\n<\/div>\n<\/div>\n\n\n\n<div class=\"wp-block-columns is-layout-flex wp-container-core-columns-is-layout-7 wp-block-columns-is-layout-flex\">\n<div class=\"wp-block-column is-layout-flow wp-block-column-is-layout-flow\"><\/div>\n\n\n\n<div class=\"wp-block-column is-layout-flow wp-block-column-is-layout-flow\"><\/div>\n<\/div>\n\n\n\n<div class=\"wp-block-columns is-layout-flex wp-container-core-columns-is-layout-8 wp-block-columns-is-layout-flex\">\n<div class=\"wp-block-column is-layout-flow wp-block-column-is-layout-flow\">\n<div dir=\"auto\" style=\"text-align: center;\"><strong>Recursos para Conagopare Zamora<\/strong><\/div>\n<div dir=\"auto\">\u00a0<\/div>\n<div dir=\"auto\" style=\"text-align: justify;\">En la reuni\u00f3n del Conagopare Nacional en Gal\u00e1pagos, el equipo de todos los presidentes de Conagopare del Pa\u00eds, se logr\u00f3 obtener con \u00e9xito recursos para Conagopare Zamora.<\/div>\n<div dir=\"auto\" style=\"text-align: justify;\">Esto resalta la eficacia y el compromiso del equipo en fortalecer y respaldar nuestras actividades.<\/div>\n<div dir=\"auto\" style=\"text-align: justify;\">Ana Rodr\u00edguez, presidenta del GAD Parroquial Valladolid, fue delegada por Conagopare Zamora Chinchipe para participar en el evento.<\/div>\n<\/div>\n\n\n\n<div class=\"wp-block-column is-layout-flow wp-block-column-is-layout-flow\"><div class=\"wp-block-image\">\n<figure class=\"aligncenter size-large is-resized\"><img decoding=\"async\" src=\"https:\/\/gadvalladolid.gob.ec\/wp-content\/uploads\/2024\/comunicados\/comunicado4.jpg?65b5e8c0\" alt=\"\" style=\"width:322px;height:auto\"\/><\/figure><\/div><\/div>\n<\/div>\n","protected":false},"excerpt":{"rendered":"<p>COMUNICADO Ante la crisis y emergencia de seguridad que afecta a nuestro Pa\u00eds, es de suma importancia trabajar de manera coordinada y eficiente para establecer la tranquilidad de nuestras comunidades. Nos comprometemos a colaborar en todo lo que est\u00e9 a nuestro alcance para contribuir a la seguridad y bienestar de la ciudadan\u00eda. Ante ello, desde [&hellip;]<\/p>\n","protected":false},"author":0,"featured_media":0,"parent":0,"menu_order":0,"comment_status":"closed","ping_status":"closed","template":"","meta":{"ub_ctt_via":"","footnotes":""},"class_list":["post-125","page","type-page","status-publish","hentry"],"featured_image_src":null,"_links":{"self":[{"href":"https:\/\/gadvalladolid.gob.ec\/index.php?rest_route=\/wp\/v2\/pages\/125","targetHints":{"allow":["GET"]}}],"collection":[{"href":"https:\/\/gadvalladolid.gob.ec\/index.php?rest_route=\/wp\/v2\/pages"}],"about":[{"href":"https:\/\/gadvalladolid.gob.ec\/index.php?rest_route=\/wp\/v2\/types\/page"}],"replies":[{"embeddable":true,"href":"https:\/\/gadvalladolid.gob.ec\/index.php?rest_route=%2Fwp%2Fv2%2Fcomments&post=125"}],"version-history":[{"count":26,"href":"https:\/\/gadvalladolid.gob.ec\/index.php?rest_route=\/wp\/v2\/pages\/125\/revisions"}],"predecessor-version":[{"id":578,"href":"https:\/\/gadvalladolid.gob.ec\/index.php?rest_route=\/wp\/v2\/pages\/125\/revisions\/578"}],"wp:attachment":[{"href":"https:\/\/gadvalladolid.gob.ec\/index.php?rest_route=%2Fwp%2Fv2%2Fmedia&parent=125"}],"curies":[{"name":"wp","href":"https:\/\/api.w.org\/{rel}","templated":true}]}}